{"id":880,"date":"2024-05-16T13:42:03","date_gmt":"2024-05-16T12:42:03","guid":{"rendered":"https:\/\/www.moodlightproject.com\/?page_id=880"},"modified":"2025-05-28T11:31:56","modified_gmt":"2025-05-28T10:31:56","slug":"moodlight-chair","status":"publish","type":"page","link":"https:\/\/www.moodlightproject.com\/fr\/moodlight-chair\/","title":{"rendered":"Le Fauteuil MOODLight"},"content":{"rendered":"","protected":false},"excerpt":{"rendered":"","protected":false},"author":1,"featured_media":0,"parent":0,"menu_order":0,"comment_status":"closed","ping_status":"closed","template":"","meta":{"_acf_changed":false,"footnotes":""},"class_list":["post-880","page","type-page","status-publish","hentry"],"acf":[],"yoast_head":"<!-- This site is optimized with the Yoast SEO plugin v27.4 - https:\/\/yoast.com\/product\/yoast-seo-wordpress\/ -->\n<title>Le Fauteuil MOODLight &#8211; MOODLight<\/title>\n<meta name=\"description\" content=\"Fauteuil MOODLight \u2013 \u00c9l\u00e9gamment Courb\u00e9. Avec un dossier monobloc en bois de bouleau magnifiquement courb\u00e9 et un rev\u00eatement en laine, le fauteuil MOODLight offre un espace tranquille et \u00e9l\u00e9gant pour travailler, se reposer ou se d\u00e9tendre.\" \/>\n<meta name=\"robots\" content=\"index, follow, max-snippet:-1, max-image-preview:large, max-video-preview:-1\" \/>\n<link rel=\"canonical\" href=\"https:\/\/www.moodlightproject.com\/fr\/moodlight-chair\/\" \/>\n<meta property=\"og:locale\" content=\"fr_FR\" \/>\n<meta property=\"og:type\" content=\"article\" \/>\n<meta property=\"og:title\" content=\"Le Fauteuil MOODLight &#8211; MOODLight\" \/>\n<meta property=\"og:description\" content=\"Fauteuil MOODLight \u2013 \u00c9l\u00e9gamment Courb\u00e9. Avec un dossier monobloc en bois de bouleau magnifiquement courb\u00e9 et un rev\u00eatement en laine, le fauteuil MOODLight offre un espace tranquille et \u00e9l\u00e9gant pour travailler, se reposer ou se d\u00e9tendre.\" \/>\n<meta property=\"og:url\" content=\"https:\/\/www.moodlightproject.com\/fr\/moodlight-chair\/\" \/>\n<meta property=\"og:site_name\" content=\"MOODLight\" \/>\n<meta property=\"article:modified_time\" content=\"2025-05-28T10:31:56+00:00\" \/>\n<meta property=\"og:image\" content=\"https:\/\/www.moodlightproject.com\/wp-content\/uploads\/2024\/05\/banner-1.jpg\" \/>\n\t<meta property=\"og:image:width\" content=\"1800\" \/>\n\t<meta property=\"og:image:height\" content=\"1200\" \/>\n\t<meta property=\"og:image:type\" content=\"image\/jpeg\" \/>\n<meta name=\"twitter:card\" content=\"summary_large_image\" \/>\n<meta name=\"twitter:label1\" content=\"Est. reading time\" \/>\n\t<meta name=\"twitter:data1\" content=\"2 minutes\" \/>\n<script type=\"application\/ld+json\" class=\"yoast-schema-graph\">{\"@context\":\"https:\\\/\\\/schema.org\",\"@graph\":[{\"@type\":\"WebPage\",\"@id\":\"https:\\\/\\\/www.moodlightproject.com\\\/fr\\\/moodlight-chair\\\/\",\"url\":\"https:\\\/\\\/www.moodlightproject.com\\\/fr\\\/moodlight-chair\\\/\",\"name\":\"Le Fauteuil MOODLight &#8211; MOODLight\",\"isPartOf\":{\"@id\":\"https:\\\/\\\/www.moodlightproject.com\\\/fr\\\/#website\"},\"datePublished\":\"2024-05-16T12:42:03+00:00\",\"dateModified\":\"2025-05-28T10:31:56+00:00\",\"description\":\"Fauteuil MOODLight \u2013 \u00c9l\u00e9gamment Courb\u00e9. Avec un dossier monobloc en bois de bouleau magnifiquement courb\u00e9 et un rev\u00eatement en laine, le fauteuil MOODLight offre un espace tranquille et \u00e9l\u00e9gant pour travailler, se reposer ou se d\u00e9tendre.\",\"breadcrumb\":{\"@id\":\"https:\\\/\\\/www.moodlightproject.com\\\/fr\\\/moodlight-chair\\\/#breadcrumb\"},\"inLanguage\":\"fr-FR\",\"potentialAction\":[{\"@type\":\"ReadAction\",\"target\":[\"https:\\\/\\\/www.moodlightproject.com\\\/fr\\\/moodlight-chair\\\/\"]}]},{\"@type\":\"BreadcrumbList\",\"@id\":\"https:\\\/\\\/www.moodlightproject.com\\\/fr\\\/moodlight-chair\\\/#breadcrumb\",\"itemListElement\":[{\"@type\":\"ListItem\",\"position\":1,\"name\":\"Home\",\"item\":\"https:\\\/\\\/www.moodlightproject.com\\\/fr\\\/\"},{\"@type\":\"ListItem\",\"position\":2,\"name\":\"Le Fauteuil MOODLight\"}]},{\"@type\":\"WebSite\",\"@id\":\"https:\\\/\\\/www.moodlightproject.com\\\/fr\\\/#website\",\"url\":\"https:\\\/\\\/www.moodlightproject.com\\\/fr\\\/\",\"name\":\"MoodLight\",\"description\":\"\",\"publisher\":{\"@id\":\"https:\\\/\\\/www.moodlightproject.com\\\/fr\\\/#organization\"},\"potentialAction\":[{\"@type\":\"SearchAction\",\"target\":{\"@type\":\"EntryPoint\",\"urlTemplate\":\"https:\\\/\\\/www.moodlightproject.com\\\/fr\\\/?s={search_term_string}\"},\"query-input\":{\"@type\":\"PropertyValueSpecification\",\"valueRequired\":true,\"valueName\":\"search_term_string\"}}],\"inLanguage\":\"fr-FR\"},{\"@type\":\"Organization\",\"@id\":\"https:\\\/\\\/www.moodlightproject.com\\\/fr\\\/#organization\",\"name\":\"MoodLight\",\"url\":\"https:\\\/\\\/www.moodlightproject.com\\\/fr\\\/\",\"logo\":{\"@type\":\"ImageObject\",\"inLanguage\":\"fr-FR\",\"@id\":\"https:\\\/\\\/www.moodlightproject.com\\\/fr\\\/#\\\/schema\\\/logo\\\/image\\\/\",\"url\":\"https:\\\/\\\/www.moodlightproject.com\\\/wp-content\\\/uploads\\\/2024\\\/03\\\/yoast-logo.png\",\"contentUrl\":\"https:\\\/\\\/www.moodlightproject.com\\\/wp-content\\\/uploads\\\/2024\\\/03\\\/yoast-logo.png\",\"width\":1000,\"height\":1000,\"caption\":\"MoodLight\"},\"image\":{\"@id\":\"https:\\\/\\\/www.moodlightproject.com\\\/fr\\\/#\\\/schema\\\/logo\\\/image\\\/\"},\"sameAs\":[\"https:\\\/\\\/www.instagram.com\\\/moodlightcafe\"]}]}<\/script>\n<!-- \/ Yoast SEO plugin. -->","yoast_head_json":{"title":"Le Fauteuil MOODLight &#8211; MOODLight","description":"Fauteuil MOODLight \u2013 \u00c9l\u00e9gamment Courb\u00e9. Avec un dossier monobloc en bois de bouleau magnifiquement courb\u00e9 et un rev\u00eatement en laine, le fauteuil MOODLight offre un espace tranquille et \u00e9l\u00e9gant pour travailler, se reposer ou se d\u00e9tendre.","robots":{"index":"index","follow":"follow","max-snippet":"max-snippet:-1","max-image-preview":"max-image-preview:large","max-video-preview":"max-video-preview:-1"},"canonical":"https:\/\/www.moodlightproject.com\/fr\/moodlight-chair\/","og_locale":"fr_FR","og_type":"article","og_title":"Le Fauteuil MOODLight &#8211; MOODLight","og_description":"Fauteuil MOODLight \u2013 \u00c9l\u00e9gamment Courb\u00e9. Avec un dossier monobloc en bois de bouleau magnifiquement courb\u00e9 et un rev\u00eatement en laine, le fauteuil MOODLight offre un espace tranquille et \u00e9l\u00e9gant pour travailler, se reposer ou se d\u00e9tendre.","og_url":"https:\/\/www.moodlightproject.com\/fr\/moodlight-chair\/","og_site_name":"MOODLight","article_modified_time":"2025-05-28T10:31:56+00:00","og_image":[{"width":1800,"height":1200,"url":"https:\/\/www.moodlightproject.com\/wp-content\/uploads\/2024\/05\/banner-1.jpg","type":"image\/jpeg"}],"twitter_card":"summary_large_image","twitter_misc":{"Est. reading time":"2 minutes"},"schema":{"@context":"https:\/\/schema.org","@graph":[{"@type":"WebPage","@id":"https:\/\/www.moodlightproject.com\/fr\/moodlight-chair\/","url":"https:\/\/www.moodlightproject.com\/fr\/moodlight-chair\/","name":"Le Fauteuil MOODLight &#8211; MOODLight","isPartOf":{"@id":"https:\/\/www.moodlightproject.com\/fr\/#website"},"datePublished":"2024-05-16T12:42:03+00:00","dateModified":"2025-05-28T10:31:56+00:00","description":"Fauteuil MOODLight \u2013 \u00c9l\u00e9gamment Courb\u00e9. Avec un dossier monobloc en bois de bouleau magnifiquement courb\u00e9 et un rev\u00eatement en laine, le fauteuil MOODLight offre un espace tranquille et \u00e9l\u00e9gant pour travailler, se reposer ou se d\u00e9tendre.","breadcrumb":{"@id":"https:\/\/www.moodlightproject.com\/fr\/moodlight-chair\/#breadcrumb"},"inLanguage":"fr-FR","potentialAction":[{"@type":"ReadAction","target":["https:\/\/www.moodlightproject.com\/fr\/moodlight-chair\/"]}]},{"@type":"BreadcrumbList","@id":"https:\/\/www.moodlightproject.com\/fr\/moodlight-chair\/#breadcrumb","itemListElement":[{"@type":"ListItem","position":1,"name":"Home","item":"https:\/\/www.moodlightproject.com\/fr\/"},{"@type":"ListItem","position":2,"name":"Le Fauteuil MOODLight"}]},{"@type":"WebSite","@id":"https:\/\/www.moodlightproject.com\/fr\/#website","url":"https:\/\/www.moodlightproject.com\/fr\/","name":"MoodLight","description":"","publisher":{"@id":"https:\/\/www.moodlightproject.com\/fr\/#organization"},"potentialAction":[{"@type":"SearchAction","target":{"@type":"EntryPoint","urlTemplate":"https:\/\/www.moodlightproject.com\/fr\/?s={search_term_string}"},"query-input":{"@type":"PropertyValueSpecification","valueRequired":true,"valueName":"search_term_string"}}],"inLanguage":"fr-FR"},{"@type":"Organization","@id":"https:\/\/www.moodlightproject.com\/fr\/#organization","name":"MoodLight","url":"https:\/\/www.moodlightproject.com\/fr\/","logo":{"@type":"ImageObject","inLanguage":"fr-FR","@id":"https:\/\/www.moodlightproject.com\/fr\/#\/schema\/logo\/image\/","url":"https:\/\/www.moodlightproject.com\/wp-content\/uploads\/2024\/03\/yoast-logo.png","contentUrl":"https:\/\/www.moodlightproject.com\/wp-content\/uploads\/2024\/03\/yoast-logo.png","width":1000,"height":1000,"caption":"MoodLight"},"image":{"@id":"https:\/\/www.moodlightproject.com\/fr\/#\/schema\/logo\/image\/"},"sameAs":["https:\/\/www.instagram.com\/moodlightcafe"]}]}},"_links":{"self":[{"href":"https:\/\/www.moodlightproject.com\/fr\/wp-json\/wp\/v2\/pages\/880","targetHints":{"allow":["GET"]}}],"collection":[{"href":"https:\/\/www.moodlightproject.com\/fr\/wp-json\/wp\/v2\/pages"}],"about":[{"href":"https:\/\/www.moodlightproject.com\/fr\/wp-json\/wp\/v2\/types\/page"}],"author":[{"embeddable":true,"href":"https:\/\/www.moodlightproject.com\/fr\/wp-json\/wp\/v2\/users\/1"}],"replies":[{"embeddable":true,"href":"https:\/\/www.moodlightproject.com\/fr\/wp-json\/wp\/v2\/comments?post=880"}],"version-history":[{"count":3,"href":"https:\/\/www.moodlightproject.com\/fr\/wp-json\/wp\/v2\/pages\/880\/revisions"}],"predecessor-version":[{"id":905,"href":"https:\/\/www.moodlightproject.com\/fr\/wp-json\/wp\/v2\/pages\/880\/revisions\/905"}],"wp:attachment":[{"href":"https:\/\/www.moodlightproject.com\/fr\/wp-json\/wp\/v2\/media?parent=880"}],"curies":[{"name":"wp","href":"https:\/\/api.w.org\/{rel}","templated":true}]}}