{"id":865,"date":"2024-05-16T13:18:35","date_gmt":"2024-05-16T12:18:35","guid":{"rendered":"https:\/\/www.moodlightproject.com\/?page_id=865"},"modified":"2025-05-28T11:36:34","modified_gmt":"2025-05-28T10:36:34","slug":"the-benefits-of-bright-light-therapy","status":"publish","type":"page","link":"https:\/\/www.moodlightproject.com\/fr\/how-does-light-therapy-work\/the-benefits-of-bright-light-therapy\/","title":{"rendered":"Les bienfaits de la luminoth\u00e9rapie"},"content":{"rendered":"","protected":false},"excerpt":{"rendered":"","protected":false},"author":1,"featured_media":0,"parent":856,"menu_order":0,"comment_status":"closed","ping_status":"closed","template":"","meta":{"_acf_changed":false,"footnotes":""},"class_list":["post-865","page","type-page","status-publish","hentry"],"acf":[],"yoast_head":"<!-- This site is optimized with the Yoast SEO plugin v27.4 - https:\/\/yoast.com\/product\/yoast-seo-wordpress\/ -->\n<title>Les bienfaits de la luminoth\u00e9rapie &#8211; MOODLight<\/title>\n<meta name=\"description\" content=\"La luminoth\u00e9rapie a prouv\u00e9 ses b\u00e9n\u00e9fices dans le traitement de bon nombre de syndromes par la simple exposition \u00e0 une lumi\u00e8re sp\u00e9cifique de luminoth\u00e9rapie.\" \/>\n<meta name=\"robots\" content=\"index, follow, max-snippet:-1, max-image-preview:large, max-video-preview:-1\" \/>\n<link rel=\"canonical\" href=\"https:\/\/www.moodlightproject.com\/fr\/how-does-light-therapy-work\/the-benefits-of-bright-light-therapy\/\" \/>\n<meta property=\"og:locale\" content=\"fr_FR\" \/>\n<meta property=\"og:type\" content=\"article\" \/>\n<meta property=\"og:title\" content=\"Les bienfaits de la luminoth\u00e9rapie &#8211; MOODLight\" \/>\n<meta property=\"og:description\" content=\"La luminoth\u00e9rapie a prouv\u00e9 ses b\u00e9n\u00e9fices dans le traitement de bon nombre de syndromes par la simple exposition \u00e0 une lumi\u00e8re sp\u00e9cifique de luminoth\u00e9rapie.\" \/>\n<meta property=\"og:url\" content=\"https:\/\/www.moodlightproject.com\/fr\/how-does-light-therapy-work\/the-benefits-of-bright-light-therapy\/\" \/>\n<meta property=\"og:site_name\" content=\"MOODLight\" \/>\n<meta property=\"article:modified_time\" content=\"2025-05-28T10:36:34+00:00\" \/>\n<meta property=\"og:image\" content=\"https:\/\/www.moodlightproject.com\/wp-content\/uploads\/2024\/05\/banner-1.jpg\" \/>\n\t<meta property=\"og:image:width\" content=\"1800\" \/>\n\t<meta property=\"og:image:height\" content=\"1200\" \/>\n\t<meta property=\"og:image:type\" content=\"image\/jpeg\" \/>\n<meta name=\"twitter:card\" content=\"summary_large_image\" \/>\n<meta name=\"twitter:label1\" content=\"Est. reading time\" \/>\n\t<meta name=\"twitter:data1\" content=\"2 minutes\" \/>\n<script type=\"application\/ld+json\" class=\"yoast-schema-graph\">{\"@context\":\"https:\\\/\\\/schema.org\",\"@graph\":[{\"@type\":\"WebPage\",\"@id\":\"https:\\\/\\\/www.moodlightproject.com\\\/fr\\\/how-does-light-therapy-work\\\/the-benefits-of-bright-light-therapy\\\/\",\"url\":\"https:\\\/\\\/www.moodlightproject.com\\\/fr\\\/how-does-light-therapy-work\\\/the-benefits-of-bright-light-therapy\\\/\",\"name\":\"Les bienfaits de la luminoth\u00e9rapie &#8211; MOODLight\",\"isPartOf\":{\"@id\":\"https:\\\/\\\/www.moodlightproject.com\\\/fr\\\/#website\"},\"datePublished\":\"2024-05-16T12:18:35+00:00\",\"dateModified\":\"2025-05-28T10:36:34+00:00\",\"description\":\"La luminoth\u00e9rapie a prouv\u00e9 ses b\u00e9n\u00e9fices dans le traitement de bon nombre de syndromes par la simple exposition \u00e0 une lumi\u00e8re sp\u00e9cifique de luminoth\u00e9rapie.\",\"breadcrumb\":{\"@id\":\"https:\\\/\\\/www.moodlightproject.com\\\/fr\\\/how-does-light-therapy-work\\\/the-benefits-of-bright-light-therapy\\\/#breadcrumb\"},\"inLanguage\":\"fr-FR\",\"potentialAction\":[{\"@type\":\"ReadAction\",\"target\":[\"https:\\\/\\\/www.moodlightproject.com\\\/fr\\\/how-does-light-therapy-work\\\/the-benefits-of-bright-light-therapy\\\/\"]}]},{\"@type\":\"BreadcrumbList\",\"@id\":\"https:\\\/\\\/www.moodlightproject.com\\\/fr\\\/how-does-light-therapy-work\\\/the-benefits-of-bright-light-therapy\\\/#breadcrumb\",\"itemListElement\":[{\"@type\":\"ListItem\",\"position\":1,\"name\":\"Home\",\"item\":\"https:\\\/\\\/www.moodlightproject.com\\\/fr\\\/\"},{\"@type\":\"ListItem\",\"position\":2,\"name\":\"Luminoth\u00e9rapie\",\"item\":\"https:\\\/\\\/www.moodlightproject.com\\\/fr\\\/how-does-light-therapy-work\\\/\"},{\"@type\":\"ListItem\",\"position\":3,\"name\":\"Les bienfaits de la luminoth\u00e9rapie\"}]},{\"@type\":\"WebSite\",\"@id\":\"https:\\\/\\\/www.moodlightproject.com\\\/fr\\\/#website\",\"url\":\"https:\\\/\\\/www.moodlightproject.com\\\/fr\\\/\",\"name\":\"MoodLight\",\"description\":\"\",\"publisher\":{\"@id\":\"https:\\\/\\\/www.moodlightproject.com\\\/fr\\\/#organization\"},\"potentialAction\":[{\"@type\":\"SearchAction\",\"target\":{\"@type\":\"EntryPoint\",\"urlTemplate\":\"https:\\\/\\\/www.moodlightproject.com\\\/fr\\\/?s={search_term_string}\"},\"query-input\":{\"@type\":\"PropertyValueSpecification\",\"valueRequired\":true,\"valueName\":\"search_term_string\"}}],\"inLanguage\":\"fr-FR\"},{\"@type\":\"Organization\",\"@id\":\"https:\\\/\\\/www.moodlightproject.com\\\/fr\\\/#organization\",\"name\":\"MoodLight\",\"url\":\"https:\\\/\\\/www.moodlightproject.com\\\/fr\\\/\",\"logo\":{\"@type\":\"ImageObject\",\"inLanguage\":\"fr-FR\",\"@id\":\"https:\\\/\\\/www.moodlightproject.com\\\/fr\\\/#\\\/schema\\\/logo\\\/image\\\/\",\"url\":\"https:\\\/\\\/www.moodlightproject.com\\\/wp-content\\\/uploads\\\/2024\\\/03\\\/yoast-logo.png\",\"contentUrl\":\"https:\\\/\\\/www.moodlightproject.com\\\/wp-content\\\/uploads\\\/2024\\\/03\\\/yoast-logo.png\",\"width\":1000,\"height\":1000,\"caption\":\"MoodLight\"},\"image\":{\"@id\":\"https:\\\/\\\/www.moodlightproject.com\\\/fr\\\/#\\\/schema\\\/logo\\\/image\\\/\"},\"sameAs\":[\"https:\\\/\\\/www.instagram.com\\\/moodlightcafe\"]}]}<\/script>\n<!-- \/ Yoast SEO plugin. -->","yoast_head_json":{"title":"Les bienfaits de la luminoth\u00e9rapie &#8211; MOODLight","description":"La luminoth\u00e9rapie a prouv\u00e9 ses b\u00e9n\u00e9fices dans le traitement de bon nombre de syndromes par la simple exposition \u00e0 une lumi\u00e8re sp\u00e9cifique de luminoth\u00e9rapie.","robots":{"index":"index","follow":"follow","max-snippet":"max-snippet:-1","max-image-preview":"max-image-preview:large","max-video-preview":"max-video-preview:-1"},"canonical":"https:\/\/www.moodlightproject.com\/fr\/how-does-light-therapy-work\/the-benefits-of-bright-light-therapy\/","og_locale":"fr_FR","og_type":"article","og_title":"Les bienfaits de la luminoth\u00e9rapie &#8211; MOODLight","og_description":"La luminoth\u00e9rapie a prouv\u00e9 ses b\u00e9n\u00e9fices dans le traitement de bon nombre de syndromes par la simple exposition \u00e0 une lumi\u00e8re sp\u00e9cifique de luminoth\u00e9rapie.","og_url":"https:\/\/www.moodlightproject.com\/fr\/how-does-light-therapy-work\/the-benefits-of-bright-light-therapy\/","og_site_name":"MOODLight","article_modified_time":"2025-05-28T10:36:34+00:00","og_image":[{"width":1800,"height":1200,"url":"https:\/\/www.moodlightproject.com\/wp-content\/uploads\/2024\/05\/banner-1.jpg","type":"image\/jpeg"}],"twitter_card":"summary_large_image","twitter_misc":{"Est. reading time":"2 minutes"},"schema":{"@context":"https:\/\/schema.org","@graph":[{"@type":"WebPage","@id":"https:\/\/www.moodlightproject.com\/fr\/how-does-light-therapy-work\/the-benefits-of-bright-light-therapy\/","url":"https:\/\/www.moodlightproject.com\/fr\/how-does-light-therapy-work\/the-benefits-of-bright-light-therapy\/","name":"Les bienfaits de la luminoth\u00e9rapie &#8211; MOODLight","isPartOf":{"@id":"https:\/\/www.moodlightproject.com\/fr\/#website"},"datePublished":"2024-05-16T12:18:35+00:00","dateModified":"2025-05-28T10:36:34+00:00","description":"La luminoth\u00e9rapie a prouv\u00e9 ses b\u00e9n\u00e9fices dans le traitement de bon nombre de syndromes par la simple exposition \u00e0 une lumi\u00e8re sp\u00e9cifique de luminoth\u00e9rapie.","breadcrumb":{"@id":"https:\/\/www.moodlightproject.com\/fr\/how-does-light-therapy-work\/the-benefits-of-bright-light-therapy\/#breadcrumb"},"inLanguage":"fr-FR","potentialAction":[{"@type":"ReadAction","target":["https:\/\/www.moodlightproject.com\/fr\/how-does-light-therapy-work\/the-benefits-of-bright-light-therapy\/"]}]},{"@type":"BreadcrumbList","@id":"https:\/\/www.moodlightproject.com\/fr\/how-does-light-therapy-work\/the-benefits-of-bright-light-therapy\/#breadcrumb","itemListElement":[{"@type":"ListItem","position":1,"name":"Home","item":"https:\/\/www.moodlightproject.com\/fr\/"},{"@type":"ListItem","position":2,"name":"Luminoth\u00e9rapie","item":"https:\/\/www.moodlightproject.com\/fr\/how-does-light-therapy-work\/"},{"@type":"ListItem","position":3,"name":"Les bienfaits de la luminoth\u00e9rapie"}]},{"@type":"WebSite","@id":"https:\/\/www.moodlightproject.com\/fr\/#website","url":"https:\/\/www.moodlightproject.com\/fr\/","name":"MoodLight","description":"","publisher":{"@id":"https:\/\/www.moodlightproject.com\/fr\/#organization"},"potentialAction":[{"@type":"SearchAction","target":{"@type":"EntryPoint","urlTemplate":"https:\/\/www.moodlightproject.com\/fr\/?s={search_term_string}"},"query-input":{"@type":"PropertyValueSpecification","valueRequired":true,"valueName":"search_term_string"}}],"inLanguage":"fr-FR"},{"@type":"Organization","@id":"https:\/\/www.moodlightproject.com\/fr\/#organization","name":"MoodLight","url":"https:\/\/www.moodlightproject.com\/fr\/","logo":{"@type":"ImageObject","inLanguage":"fr-FR","@id":"https:\/\/www.moodlightproject.com\/fr\/#\/schema\/logo\/image\/","url":"https:\/\/www.moodlightproject.com\/wp-content\/uploads\/2024\/03\/yoast-logo.png","contentUrl":"https:\/\/www.moodlightproject.com\/wp-content\/uploads\/2024\/03\/yoast-logo.png","width":1000,"height":1000,"caption":"MoodLight"},"image":{"@id":"https:\/\/www.moodlightproject.com\/fr\/#\/schema\/logo\/image\/"},"sameAs":["https:\/\/www.instagram.com\/moodlightcafe"]}]}},"_links":{"self":[{"href":"https:\/\/www.moodlightproject.com\/fr\/wp-json\/wp\/v2\/pages\/865","targetHints":{"allow":["GET"]}}],"collection":[{"href":"https:\/\/www.moodlightproject.com\/fr\/wp-json\/wp\/v2\/pages"}],"about":[{"href":"https:\/\/www.moodlightproject.com\/fr\/wp-json\/wp\/v2\/types\/page"}],"author":[{"embeddable":true,"href":"https:\/\/www.moodlightproject.com\/fr\/wp-json\/wp\/v2\/users\/1"}],"replies":[{"embeddable":true,"href":"https:\/\/www.moodlightproject.com\/fr\/wp-json\/wp\/v2\/comments?post=865"}],"version-history":[{"count":5,"href":"https:\/\/www.moodlightproject.com\/fr\/wp-json\/wp\/v2\/pages\/865\/revisions"}],"predecessor-version":[{"id":931,"href":"https:\/\/www.moodlightproject.com\/fr\/wp-json\/wp\/v2\/pages\/865\/revisions\/931"}],"up":[{"embeddable":true,"href":"https:\/\/www.moodlightproject.com\/fr\/wp-json\/wp\/v2\/pages\/856"}],"wp:attachment":[{"href":"https:\/\/www.moodlightproject.com\/fr\/wp-json\/wp\/v2\/media?parent=865"}],"curies":[{"name":"wp","href":"https:\/\/api.w.org\/{rel}","templated":true}]}}