{"id":847,"date":"2024-05-15T12:59:05","date_gmt":"2024-05-15T11:59:05","guid":{"rendered":"https:\/\/www.moodlightproject.com\/?page_id=847"},"modified":"2025-03-27T11:25:30","modified_gmt":"2025-03-27T11:25:30","slug":"cookie-policy","status":"publish","type":"page","link":"https:\/\/www.moodlightproject.com\/fr\/cookie-policy\/","title":{"rendered":"Cookie Policy"},"content":{"rendered":"","protected":false},"excerpt":{"rendered":"","protected":false},"author":1,"featured_media":0,"parent":0,"menu_order":0,"comment_status":"closed","ping_status":"closed","template":"","meta":{"_acf_changed":false,"footnotes":""},"class_list":["post-847","page","type-page","status-publish","hentry"],"acf":[],"yoast_head":"<!-- This site is optimized with the Yoast SEO plugin v27.4 - https:\/\/yoast.com\/product\/yoast-seo-wordpress\/ -->\n<title>Cookie Policy &#8211; MOODLight<\/title>\n<meta name=\"description\" content=\"Un \u00ab cookie \u00bb est un \u00e9l\u00e9ment d\u2019information stock\u00e9 sur le disque dur de votre ordinateur et qui enregistre la fa\u00e7on dont vous vous d\u00e9placez sur un site Web afin que, lorsque vous revisitez ce site Web...\" \/>\n<meta name=\"robots\" content=\"index, follow, max-snippet:-1, max-image-preview:large, max-video-preview:-1\" \/>\n<link rel=\"canonical\" href=\"https:\/\/www.moodlightproject.com\/fr\/cookie-policy\/\" \/>\n<meta property=\"og:locale\" content=\"fr_FR\" \/>\n<meta property=\"og:type\" content=\"article\" \/>\n<meta property=\"og:title\" content=\"Cookie Policy &#8211; MOODLight\" \/>\n<meta property=\"og:description\" content=\"Un \u00ab cookie \u00bb est un \u00e9l\u00e9ment d\u2019information stock\u00e9 sur le disque dur de votre ordinateur et qui enregistre la fa\u00e7on dont vous vous d\u00e9placez sur un site Web afin que, lorsque vous revisitez ce site Web...\" \/>\n<meta property=\"og:url\" content=\"https:\/\/www.moodlightproject.com\/fr\/cookie-policy\/\" \/>\n<meta property=\"og:site_name\" content=\"MOODLight\" \/>\n<meta property=\"article:modified_time\" content=\"2025-03-27T11:25:30+00:00\" \/>\n<meta property=\"og:image\" content=\"https:\/\/www.moodlightproject.com\/wp-content\/uploads\/2024\/05\/banner-1.jpg\" \/>\n\t<meta property=\"og:image:width\" content=\"1800\" \/>\n\t<meta property=\"og:image:height\" content=\"1200\" \/>\n\t<meta property=\"og:image:type\" content=\"image\/jpeg\" \/>\n<meta name=\"twitter:card\" content=\"summary_large_image\" \/>\n<meta name=\"twitter:label1\" content=\"Est. reading time\" \/>\n\t<meta name=\"twitter:data1\" content=\"3 minutes\" \/>\n<script type=\"application\/ld+json\" class=\"yoast-schema-graph\">{\"@context\":\"https:\\\/\\\/schema.org\",\"@graph\":[{\"@type\":\"WebPage\",\"@id\":\"https:\\\/\\\/www.moodlightproject.com\\\/fr\\\/cookie-policy\\\/\",\"url\":\"https:\\\/\\\/www.moodlightproject.com\\\/fr\\\/cookie-policy\\\/\",\"name\":\"Cookie Policy &#8211; MOODLight\",\"isPartOf\":{\"@id\":\"https:\\\/\\\/www.moodlightproject.com\\\/fr\\\/#website\"},\"datePublished\":\"2024-05-15T11:59:05+00:00\",\"dateModified\":\"2025-03-27T11:25:30+00:00\",\"description\":\"Un \u00ab cookie \u00bb est un \u00e9l\u00e9ment d\u2019information stock\u00e9 sur le disque dur de votre ordinateur et qui enregistre la fa\u00e7on dont vous vous d\u00e9placez sur un site Web afin que, lorsque vous revisitez ce site Web...\",\"breadcrumb\":{\"@id\":\"https:\\\/\\\/www.moodlightproject.com\\\/fr\\\/cookie-policy\\\/#breadcrumb\"},\"inLanguage\":\"fr-FR\",\"potentialAction\":[{\"@type\":\"ReadAction\",\"target\":[\"https:\\\/\\\/www.moodlightproject.com\\\/fr\\\/cookie-policy\\\/\"]}]},{\"@type\":\"BreadcrumbList\",\"@id\":\"https:\\\/\\\/www.moodlightproject.com\\\/fr\\\/cookie-policy\\\/#breadcrumb\",\"itemListElement\":[{\"@type\":\"ListItem\",\"position\":1,\"name\":\"Home\",\"item\":\"https:\\\/\\\/www.moodlightproject.com\\\/fr\\\/\"},{\"@type\":\"ListItem\",\"position\":2,\"name\":\"Cookie Policy\"}]},{\"@type\":\"WebSite\",\"@id\":\"https:\\\/\\\/www.moodlightproject.com\\\/fr\\\/#website\",\"url\":\"https:\\\/\\\/www.moodlightproject.com\\\/fr\\\/\",\"name\":\"MoodLight\",\"description\":\"\",\"publisher\":{\"@id\":\"https:\\\/\\\/www.moodlightproject.com\\\/fr\\\/#organization\"},\"potentialAction\":[{\"@type\":\"SearchAction\",\"target\":{\"@type\":\"EntryPoint\",\"urlTemplate\":\"https:\\\/\\\/www.moodlightproject.com\\\/fr\\\/?s={search_term_string}\"},\"query-input\":{\"@type\":\"PropertyValueSpecification\",\"valueRequired\":true,\"valueName\":\"search_term_string\"}}],\"inLanguage\":\"fr-FR\"},{\"@type\":\"Organization\",\"@id\":\"https:\\\/\\\/www.moodlightproject.com\\\/fr\\\/#organization\",\"name\":\"MoodLight\",\"url\":\"https:\\\/\\\/www.moodlightproject.com\\\/fr\\\/\",\"logo\":{\"@type\":\"ImageObject\",\"inLanguage\":\"fr-FR\",\"@id\":\"https:\\\/\\\/www.moodlightproject.com\\\/fr\\\/#\\\/schema\\\/logo\\\/image\\\/\",\"url\":\"https:\\\/\\\/www.moodlightproject.com\\\/wp-content\\\/uploads\\\/2024\\\/03\\\/yoast-logo.png\",\"contentUrl\":\"https:\\\/\\\/www.moodlightproject.com\\\/wp-content\\\/uploads\\\/2024\\\/03\\\/yoast-logo.png\",\"width\":1000,\"height\":1000,\"caption\":\"MoodLight\"},\"image\":{\"@id\":\"https:\\\/\\\/www.moodlightproject.com\\\/fr\\\/#\\\/schema\\\/logo\\\/image\\\/\"},\"sameAs\":[\"https:\\\/\\\/www.instagram.com\\\/moodlightcafe\"]}]}<\/script>\n<!-- \/ Yoast SEO plugin. -->","yoast_head_json":{"title":"Cookie Policy &#8211; MOODLight","description":"Un \u00ab cookie \u00bb est un \u00e9l\u00e9ment d\u2019information stock\u00e9 sur le disque dur de votre ordinateur et qui enregistre la fa\u00e7on dont vous vous d\u00e9placez sur un site Web afin que, lorsque vous revisitez ce site Web...","robots":{"index":"index","follow":"follow","max-snippet":"max-snippet:-1","max-image-preview":"max-image-preview:large","max-video-preview":"max-video-preview:-1"},"canonical":"https:\/\/www.moodlightproject.com\/fr\/cookie-policy\/","og_locale":"fr_FR","og_type":"article","og_title":"Cookie Policy &#8211; MOODLight","og_description":"Un \u00ab cookie \u00bb est un \u00e9l\u00e9ment d\u2019information stock\u00e9 sur le disque dur de votre ordinateur et qui enregistre la fa\u00e7on dont vous vous d\u00e9placez sur un site Web afin que, lorsque vous revisitez ce site Web...","og_url":"https:\/\/www.moodlightproject.com\/fr\/cookie-policy\/","og_site_name":"MOODLight","article_modified_time":"2025-03-27T11:25:30+00:00","og_image":[{"width":1800,"height":1200,"url":"https:\/\/www.moodlightproject.com\/wp-content\/uploads\/2024\/05\/banner-1.jpg","type":"image\/jpeg"}],"twitter_card":"summary_large_image","twitter_misc":{"Est. reading time":"3 minutes"},"schema":{"@context":"https:\/\/schema.org","@graph":[{"@type":"WebPage","@id":"https:\/\/www.moodlightproject.com\/fr\/cookie-policy\/","url":"https:\/\/www.moodlightproject.com\/fr\/cookie-policy\/","name":"Cookie Policy &#8211; MOODLight","isPartOf":{"@id":"https:\/\/www.moodlightproject.com\/fr\/#website"},"datePublished":"2024-05-15T11:59:05+00:00","dateModified":"2025-03-27T11:25:30+00:00","description":"Un \u00ab cookie \u00bb est un \u00e9l\u00e9ment d\u2019information stock\u00e9 sur le disque dur de votre ordinateur et qui enregistre la fa\u00e7on dont vous vous d\u00e9placez sur un site Web afin que, lorsque vous revisitez ce site Web...","breadcrumb":{"@id":"https:\/\/www.moodlightproject.com\/fr\/cookie-policy\/#breadcrumb"},"inLanguage":"fr-FR","potentialAction":[{"@type":"ReadAction","target":["https:\/\/www.moodlightproject.com\/fr\/cookie-policy\/"]}]},{"@type":"BreadcrumbList","@id":"https:\/\/www.moodlightproject.com\/fr\/cookie-policy\/#breadcrumb","itemListElement":[{"@type":"ListItem","position":1,"name":"Home","item":"https:\/\/www.moodlightproject.com\/fr\/"},{"@type":"ListItem","position":2,"name":"Cookie Policy"}]},{"@type":"WebSite","@id":"https:\/\/www.moodlightproject.com\/fr\/#website","url":"https:\/\/www.moodlightproject.com\/fr\/","name":"MoodLight","description":"","publisher":{"@id":"https:\/\/www.moodlightproject.com\/fr\/#organization"},"potentialAction":[{"@type":"SearchAction","target":{"@type":"EntryPoint","urlTemplate":"https:\/\/www.moodlightproject.com\/fr\/?s={search_term_string}"},"query-input":{"@type":"PropertyValueSpecification","valueRequired":true,"valueName":"search_term_string"}}],"inLanguage":"fr-FR"},{"@type":"Organization","@id":"https:\/\/www.moodlightproject.com\/fr\/#organization","name":"MoodLight","url":"https:\/\/www.moodlightproject.com\/fr\/","logo":{"@type":"ImageObject","inLanguage":"fr-FR","@id":"https:\/\/www.moodlightproject.com\/fr\/#\/schema\/logo\/image\/","url":"https:\/\/www.moodlightproject.com\/wp-content\/uploads\/2024\/03\/yoast-logo.png","contentUrl":"https:\/\/www.moodlightproject.com\/wp-content\/uploads\/2024\/03\/yoast-logo.png","width":1000,"height":1000,"caption":"MoodLight"},"image":{"@id":"https:\/\/www.moodlightproject.com\/fr\/#\/schema\/logo\/image\/"},"sameAs":["https:\/\/www.instagram.com\/moodlightcafe"]}]}},"_links":{"self":[{"href":"https:\/\/www.moodlightproject.com\/fr\/wp-json\/wp\/v2\/pages\/847","targetHints":{"allow":["GET"]}}],"collection":[{"href":"https:\/\/www.moodlightproject.com\/fr\/wp-json\/wp\/v2\/pages"}],"about":[{"href":"https:\/\/www.moodlightproject.com\/fr\/wp-json\/wp\/v2\/types\/page"}],"author":[{"embeddable":true,"href":"https:\/\/www.moodlightproject.com\/fr\/wp-json\/wp\/v2\/users\/1"}],"replies":[{"embeddable":true,"href":"https:\/\/www.moodlightproject.com\/fr\/wp-json\/wp\/v2\/comments?post=847"}],"version-history":[{"count":1,"href":"https:\/\/www.moodlightproject.com\/fr\/wp-json\/wp\/v2\/pages\/847\/revisions"}],"predecessor-version":[{"id":848,"href":"https:\/\/www.moodlightproject.com\/fr\/wp-json\/wp\/v2\/pages\/847\/revisions\/848"}],"wp:attachment":[{"href":"https:\/\/www.moodlightproject.com\/fr\/wp-json\/wp\/v2\/media?parent=847"}],"curies":[{"name":"wp","href":"https:\/\/api.w.org\/{rel}","templated":true}]}}